{"id":3806,"date":"2022-03-15T14:56:44","date_gmt":"2022-03-15T11:56:44","guid":{"rendered":"https:\/\/balkayisi.com\/en\/?page_id=3806"},"modified":"2022-03-23T10:30:34","modified_gmt":"2022-03-23T07:30:34","slug":"contact","status":"publish","type":"page","link":"https:\/\/balkayisi.com\/en\/contact\/","title":{"rendered":"Contact"},"content":{"rendered":"\t\t<div data-elementor-type=\"wp-page\" data-elementor-id=\"3806\" class=\"elementor elementor-3806\" data-elementor-settings=\"[]\">\n\t\t\t<div class=\"elementor-inner\">\n\t\t\t\t<div class=\"elementor-section-wrap\">\n\t\t\t\t\t\t\t<section data-ntr-parallax=\"{&quot;type&quot;:&quot;scroll&quot;,&quot;speed&quot;:&quot;0.2&quot;,&quot;imgsize&quot;:&quot;cover&quot;,&quot;imgsrc&quot;:&quot;https:\/\/balkayisi.com\/wp-content\/uploads\/2022\/03\/dried-apricots-clay-bowl-wooden-table-scaled.jpg&quot;,&quot;mobile&quot;:&quot;&quot;}\" class=\"elementor-element elementor-element-2a2c4fc elementor-section-stretched naturally-parallax jarallax parallax-yes elementor-section-full_width elementor-section-height-default elementor-section-height-default elementor-section elementor-top-section\" data-id=\"2a2c4fc\" data-element_type=\"section\" data-settings=\"{&quot;background_background&quot;:&quot;classic&quot;,&quot;stretch_section&quot;:&quot;section-stretched&quot;}\">\n\t\t\t\t\t\t\t<div class=\"elementor-background-overlay\"><\/div>\n\t\t\t\t\t\t\t<div class=\"elementor-container elementor-column-gap-no\">\n\t\t\t\t<div class=\"elementor-row\">\n\t\t\t\t<div class=\"elementor-element elementor-element-1adf149 elementor-column elementor-col-100 elementor-top-column\" data-id=\"1adf149\" data-element_type=\"column\">\n\t\t\t<div class=\"elementor-column-wrap  elementor-element-populated\">\n\t\t\t\t\t<div class=\"elementor-widget-wrap\">\n\t\t\t\t<section class=\"elementor-element elementor-element-7395ea8 elementor-section-boxed elementor-section-height-default elementor-section-height-default elementor-section elementor-inner-section\" data-id=\"7395ea8\" data-element_type=\"section\">\n\t\t\t\t\t\t<div class=\"elementor-container elementor-column-gap-no\">\n\t\t\t\t<div class=\"elementor-row\">\n\t\t\t\t<div class=\"elementor-element elementor-element-a695819 elementor-column elementor-col-33 elementor-inner-column\" data-id=\"a695819\" data-element_type=\"column\">\n\t\t\t<div class=\"elementor-column-wrap  elementor-element-populated\">\n\t\t\t\t\t<div class=\"elementor-widget-wrap\">\n\t\t\t\t<div class=\"elementor-element elementor-element-4177ff2 naturally-transform transform-type-translate elementor-widget elementor-widget-heading\" data-id=\"4177ff2\" data-element_type=\"widget\" data-widget_type=\"heading.default\">\n\t\t\t\t<div class=\"elementor-widget-container\">\n\t\t\t<p class=\"elementor-heading-title elementor-size-medium\"><i class=\"fa fa-phone\" aria-hidden=\"true\"><\/i> +90 422 322 00 08<gwmw style=\"display:none;\"><\/gwmw>\n<br>\n<i class=\"fa fa-phone\" aria-hidden=\"true\"><\/i> +90 533 689 87 12<gwmw style=\"display:none;\"><\/gwmw><gwmw style=\"display:none;\"><\/gwmw><gwmw style=\"display:none;\"><\/gwmw><\/p>\t\t<\/div>\n\t\t\t\t<\/div>\n\t\t\t\t\t\t<\/div>\n\t\t\t<\/div>\n\t\t<\/div>\n\t\t\t\t<div class=\"elementor-element elementor-element-ac09929 elementor-column elementor-col-33 elementor-inner-column\" data-id=\"ac09929\" data-element_type=\"column\">\n\t\t\t<div class=\"elementor-column-wrap  elementor-element-populated\">\n\t\t\t\t\t<div class=\"elementor-widget-wrap\">\n\t\t\t\t<div class=\"elementor-element elementor-element-9b8cc2e elementor-widget elementor-widget-image\" data-id=\"9b8cc2e\" data-element_type=\"widget\" data-widget_type=\"image.default\">\n\t\t\t\t<div class=\"elementor-widget-container\">\n\t\t\t\t\t<div class=\"elementor-image\">\n\t\t\t\t\t\t\t\t\t\t\t<a href=\"https:\/\/balkayisi.com\/\">\n\t\t\t\t\t\t\t<img decoding=\"async\" src=\"https:\/\/balkayisi.com\/wp-content\/uploads\/2022\/03\/logo.png\" title=\"\" alt=\"\" \/>\t\t\t\t\t\t\t\t<\/a>\n\t\t\t\t\t\t\t\t\t\t\t<\/div>\n\t\t\t\t<\/div>\n\t\t\t\t<\/div>\n\t\t\t\t\t\t<\/div>\n\t\t\t<\/div>\n\t\t<\/div>\n\t\t\t\t<div class=\"elementor-element elementor-element-1b68b25 elementor-column elementor-col-33 elementor-inner-column\" data-id=\"1b68b25\" data-element_type=\"column\">\n\t\t\t<div class=\"elementor-column-wrap  elementor-element-populated\">\n\t\t\t\t\t<div class=\"elementor-widget-wrap\">\n\t\t\t\t<div class=\"elementor-element elementor-element-da38b6b naturally-transform transform-type-translate elementor-widget elementor-widget-heading\" data-id=\"da38b6b\" data-element_type=\"widget\" data-widget_type=\"heading.default\">\n\t\t\t\t<div class=\"elementor-widget-container\">\n\t\t\t<p class=\"elementor-heading-title elementor-size-medium\"><i class=\"fa fa-solid fa-envelope\"><\/i> info@balkayisi.com<\/p>\t\t<\/div>\n\t\t\t\t<\/div>\n\t\t\t\t\t\t<\/div>\n\t\t\t<\/div>\n\t\t<\/div>\n\t\t\t\t\t\t<\/div>\n\t\t\t<\/div>\n\t\t<\/section>\n\t\t\t\t<section class=\"elementor-element elementor-element-11cc91a elementor-section-boxed elementor-section-height-default elementor-section-height-default elementor-section elementor-inner-section\" data-id=\"11cc91a\" data-element_type=\"section\">\n\t\t\t\t\t\t<div class=\"elementor-container elementor-column-gap-default\">\n\t\t\t\t<div class=\"elementor-row\">\n\t\t\t\t<div class=\"elementor-element elementor-element-2d8959c elementor-column elementor-col-50 elementor-inner-column\" data-id=\"2d8959c\" data-element_type=\"column\">\n\t\t\t<div class=\"elementor-column-wrap  elementor-element-populated\">\n\t\t\t\t\t<div class=\"elementor-widget-wrap\">\n\t\t\t\t<div class=\"elementor-element elementor-element-711dc29 elementor-widget elementor-widget-naturally-menu\" data-id=\"711dc29\" data-element_type=\"widget\" data-widget_type=\"naturally-menu.default\">\n\t\t\t\t<div class=\"elementor-widget-container\">\n\t\t\t<div class=\"header naturally_nav is-sticky\" data-ntr-custom-header><div class=\"header_holder\"><\/div><div class=\"header_container\"><div class=\"header_inner\"><nav class=\"header_nav naturally_nav lg-bg-none\"><a class=\"header_nav_close\" href=\"#\"><span class=\"header_nav_close_text\">Close<\/span><span class=\"header_nav_close_icon icon is-close\"><\/span><\/a><ul class=\"header_nav_items\"><li id=\"menu-item-3810\" class=\"menu-item menu-item-type-custom menu-item-object-custom menu-item-home menu-item-3810\"><a href=\"https:\/\/balkayisi.com\/en\">Home<\/a><\/li>\n<li id=\"menu-item-3796\" class=\"menu-item menu-item-type-post_type menu-item-object-page menu-item-3796\"><a href=\"https:\/\/balkayisi.com\/en\/about-us\/\">About Us<\/a><\/li>\n<li id=\"menu-item-3800\" class=\"menu-item menu-item-type-post_type menu-item-object-page menu-item-3800\"><a href=\"https:\/\/balkayisi.com\/en\/our-mission\/\">Our Mission<\/a><\/li>\n<li id=\"menu-item-3815\" class=\"menu-item menu-item-type-post_type menu-item-object-page menu-item-3815\"><a href=\"https:\/\/balkayisi.com\/en\/products\/\">Products<\/a><\/li>\n<li id=\"menu-item-3809\" class=\"menu-item menu-item-type-post_type menu-item-object-page menu-item-3809\"><a href=\"https:\/\/balkayisi.com\/en\/contact\/\">Contact<\/a><\/li>\n<\/ul><\/nav><div class=\"header_nav_toggle\"><span class=\"icon is-menu\"><\/span><\/div><\/div><\/div><\/div>\t\t<\/div>\n\t\t\t\t<\/div>\n\t\t\t\t\t\t<\/div>\n\t\t\t<\/div>\n\t\t<\/div>\n\t\t\t\t<div class=\"elementor-element elementor-element-038082b elementor-column elementor-col-50 elementor-inner-column\" data-id=\"038082b\" data-element_type=\"column\">\n\t\t\t<div class=\"elementor-column-wrap  elementor-element-populated\">\n\t\t\t\t\t<div class=\"elementor-widget-wrap\">\n\t\t\t\t<div class=\"elementor-element elementor-element-04c550e elementor-hidden-phone elementor-widget elementor-widget-naturally-header-langs\" data-id=\"04c550e\" data-element_type=\"widget\" data-widget_type=\"naturally-header-langs.default\">\n\t\t\t\t<div class=\"elementor-widget-container\">\n\t\t\t<div class=\"naturally_langs_wrapper\" data-ntr-header-langs><div class=\"naturally_header_langs header_lang\"><div class=\"header_lang_label\"><span class=\"header_lang_label_icon icon is-internet\"><\/span><span class=\"header_lang_label_text\">English<\/span> <div class=\"naturally_lang_list header_lang_list\"><ul class=\"header_lang_items\"><li class=\"header_lang_item\"><a class=\"header_lang_link\" href=\"https:\/\/balkayisi.com\/en\/\"><img decoding=\"async\" class=\"header_lang_link_flag\" src=\"https:\/\/balkayisi.com\/wp-content\/uploads\/2022\/03\/indir.jpg\" alt=\"English\"><span class=\"header_lang_link_text\">English<\/span><\/a><\/li><li class=\"header_lang_item\"><a class=\"header_lang_link\" href=\"https:\/\/balkayisi.com\/ru\"><img decoding=\"async\" class=\"header_lang_link_flag\" src=\"https:\/\/balkayisi.com\/wp-content\/uploads\/2022\/03\/russian-flag-icon-logo-symbol-trademark-text-transparent-png-569398.png\" alt=\"Rusian\"><span class=\"header_lang_link_text\">Rusian<\/span><\/a><\/li><li class=\"header_lang_item\"><a class=\"header_lang_link\" href=\"https:\/\/balkayisi.com\"><img decoding=\"async\" class=\"header_lang_link_flag\" src=\"https:\/\/balkayisi.com\/en\/wp-content\/plugins\/elementor\/assets\/images\/placeholder.png\" alt=\"Turkish\"><span class=\"header_lang_link_text\">Turkish<\/span><\/a><\/li><\/ul><\/div><\/div><\/div><\/div>\t\t<\/div>\n\t\t\t\t<\/div>\n\t\t\t\t\t\t<\/div>\n\t\t\t<\/div>\n\t\t<\/div>\n\t\t\t\t\t\t<\/div>\n\t\t\t<\/div>\n\t\t<\/section>\n\t\t\t\t<section class=\"elementor-element elementor-element-c519998 elementor-section-boxed elementor-section-height-default elementor-section-height-default elementor-section elementor-inner-section\" data-id=\"c519998\" data-element_type=\"section\">\n\t\t\t\t\t\t<div class=\"elementor-container elementor-column-gap-no\">\n\t\t\t\t<div class=\"elementor-row\">\n\t\t\t\t<div class=\"elementor-element elementor-element-989316b elementor-column elementor-col-100 elementor-inner-column\" data-id=\"989316b\" data-element_type=\"column\">\n\t\t\t<div class=\"elementor-column-wrap  elementor-element-populated\">\n\t\t\t\t\t<div class=\"elementor-widget-wrap\">\n\t\t\t\t<div class=\"elementor-element elementor-element-ce4c812 naturally-transform transform-type-translate elementor-widget elementor-widget-heading\" data-id=\"ce4c812\" data-element_type=\"widget\" data-widget_type=\"heading.default\">\n\t\t\t\t<div class=\"elementor-widget-container\">\n\t\t\t<h1 class=\"elementor-heading-title elementor-size-default\">Taste Health Quality <\/h1>\t\t<\/div>\n\t\t\t\t<\/div>\n\t\t\t\t\t\t<\/div>\n\t\t\t<\/div>\n\t\t<\/div>\n\t\t\t\t\t\t<\/div>\n\t\t\t<\/div>\n\t\t<\/section>\n\t\t\t\t\t\t<\/div>\n\t\t\t<\/div>\n\t\t<\/div>\n\t\t\t\t\t\t<\/div>\n\t\t\t<\/div>\n\t\t<\/section>\n\t\t\t\t<section class=\"elementor-element elementor-element-4264a95 elementor-section-boxed elementor-section-height-default elementor-section-height-default elementor-section elementor-top-section\" data-id=\"4264a95\" data-element_type=\"section\">\n\t\t\t\t\t\t<div class=\"elementor-container elementor-column-gap-default\">\n\t\t\t\t<div class=\"elementor-row\">\n\t\t\t\t<div class=\"elementor-element elementor-element-1eaeea6 elementor-column elementor-col-100 elementor-top-column\" data-id=\"1eaeea6\" data-element_type=\"column\">\n\t\t\t<div class=\"elementor-column-wrap  elementor-element-populated\">\n\t\t\t\t\t<div class=\"elementor-widget-wrap\">\n\t\t\t\t<div class=\"elementor-element elementor-element-be310b6 elementor-widget elementor-widget-naturally-page-hero\" data-id=\"be310b6\" data-element_type=\"widget\" data-widget_type=\"naturally-page-hero.default\">\n\t\t\t\t<div class=\"elementor-widget-container\">\n\t\t\t<div class=\"section text-center\"><div class=\"container\"><div class=\"headline\"><h1 class=\"headline_title\">Contact us<\/h1><\/div><\/div><\/div>\t\t<\/div>\n\t\t\t\t<\/div>\n\t\t\t\t\t\t<\/div>\n\t\t\t<\/div>\n\t\t<\/div>\n\t\t\t\t\t\t<\/div>\n\t\t\t<\/div>\n\t\t<\/section>\n\t\t\t\t<div class=\"elementor-element elementor-element-908bf7f elementor-section-boxed elementor-section-height-default elementor-section-height-default elementor-section elementor-top-section\" data-id=\"908bf7f\" data-element_type=\"section\" data-settings=\"{&quot;background_background&quot;:&quot;classic&quot;}\">\n\t\t\t\t\t\t<div class=\"elementor-container elementor-column-gap-no\">\n\t\t\t\t<div class=\"elementor-row\">\n\t\t\t\t<div class=\"elementor-element elementor-element-7aeed47 elementor-column elementor-col-50 elementor-top-column\" data-id=\"7aeed47\" data-element_type=\"column\">\n\t\t\t<div class=\"elementor-column-wrap  elementor-element-populated\">\n\t\t\t\t\t<div class=\"elementor-widget-wrap\">\n\t\t\t\t<div class=\"elementor-element elementor-element-67f96d1 naturally-transform transform-type-translate elementor-widget elementor-widget-heading\" data-id=\"67f96d1\" data-element_type=\"widget\" data-widget_type=\"heading.default\">\n\t\t\t\t<div class=\"elementor-widget-container\">\n\t\t\t<h3 class=\"elementor-heading-title elementor-size-default\">Contact Information<\/h3>\t\t<\/div>\n\t\t\t\t<\/div>\n\t\t\t\t<div class=\"elementor-element elementor-element-5e20efc nt-structure nt-structure-yes elementor-section-boxed elementor-section-height-default elementor-section-height-default elementor-section elementor-inner-section\" data-id=\"5e20efc\" data-element_type=\"section\">\n\t\t\t\t\t\t<div class=\"elementor-container elementor-column-gap-no\">\n\t\t\t\t<div class=\"elementor-row\">\n\t\t\t\t<div class=\"elementor-element elementor-element-fd39faf elementor-column elementor-col-20 elementor-inner-column\" data-id=\"fd39faf\" data-element_type=\"column\">\n\t\t\t<div class=\"elementor-column-wrap  elementor-element-populated\">\n\t\t\t\t\t<div class=\"elementor-widget-wrap\">\n\t\t\t\t<div class=\"elementor-element elementor-element-1176d16 naturally-transform transform-type-translate elementor-widget elementor-widget-heading\" data-id=\"1176d16\" data-element_type=\"widget\" data-widget_type=\"heading.default\">\n\t\t\t\t<div class=\"elementor-widget-container\">\n\t\t\t<h3 class=\"elementor-heading-title elementor-size-default\">Office Address<\/h3>\t\t<\/div>\n\t\t\t\t<\/div>\n\t\t\t\t<div class=\"elementor-element elementor-element-2c31ed8 naturally-transform transform-type-translate elementor-widget elementor-widget-heading\" data-id=\"2c31ed8\" data-element_type=\"widget\" data-widget_type=\"heading.default\">\n\t\t\t\t<div class=\"elementor-widget-container\">\n\t\t\t<p class=\"elementor-heading-title elementor-size-default\">B\u00fcy\u00fck \u015eire Pazar\u0131\nHudeybiye Sk. No: 6\nBatallgazi, Malatya, Turkey<\/p>\t\t<\/div>\n\t\t\t\t<\/div>\n\t\t\t\t\t\t<\/div>\n\t\t\t<\/div>\n\t\t<\/div>\n\t\t\t\t<div class=\"elementor-element elementor-element-ed3412a elementor-column elementor-col-20 elementor-inner-column\" data-id=\"ed3412a\" data-element_type=\"column\">\n\t\t\t<div class=\"elementor-column-wrap  elementor-element-populated\">\n\t\t\t\t\t<div class=\"elementor-widget-wrap\">\n\t\t\t\t<div class=\"elementor-element elementor-element-ed97e64 naturally-transform transform-type-translate elementor-widget elementor-widget-heading\" data-id=\"ed97e64\" data-element_type=\"widget\" data-widget_type=\"heading.default\">\n\t\t\t\t<div class=\"elementor-widget-container\">\n\t\t\t<h3 class=\"elementor-heading-title elementor-size-default\">Factory Address<\/h3>\t\t<\/div>\n\t\t\t\t<\/div>\n\t\t\t\t<div class=\"elementor-element elementor-element-84cbb10 naturally-transform transform-type-translate elementor-widget elementor-widget-heading\" data-id=\"84cbb10\" data-element_type=\"widget\" data-widget_type=\"heading.default\">\n\t\t\t\t<div class=\"elementor-widget-container\">\n\t\t\t<p class=\"elementor-heading-title elementor-size-default\">Bah\u00e7eba\u015f\u0131 Mah. \u015eekerci Sk. No. 11\nYe\u015filyurt, Malatya, Turkey<\/p>\t\t<\/div>\n\t\t\t\t<\/div>\n\t\t\t\t\t\t<\/div>\n\t\t\t<\/div>\n\t\t<\/div>\n\t\t\t\t<div class=\"elementor-element elementor-element-bee4e90 elementor-column elementor-col-20 elementor-inner-column\" data-id=\"bee4e90\" data-element_type=\"column\">\n\t\t\t<div class=\"elementor-column-wrap  elementor-element-populated\">\n\t\t\t\t\t<div class=\"elementor-widget-wrap\">\n\t\t\t\t<div class=\"elementor-element elementor-element-09e21b3 naturally-transform transform-type-translate elementor-widget elementor-widget-heading\" data-id=\"09e21b3\" data-element_type=\"widget\" data-widget_type=\"heading.default\">\n\t\t\t\t<div class=\"elementor-widget-container\">\n\t\t\t<h3 class=\"elementor-heading-title elementor-size-default\">Phone<\/h3>\t\t<\/div>\n\t\t\t\t<\/div>\n\t\t\t\t<div class=\"elementor-element elementor-element-0357db6 naturally-transform transform-type-translate elementor-widget elementor-widget-heading\" data-id=\"0357db6\" data-element_type=\"widget\" data-widget_type=\"heading.default\">\n\t\t\t\t<div class=\"elementor-widget-container\">\n\t\t\t<p class=\"elementor-heading-title elementor-size-default\">+90 422 322 00 08<br>+90 533 689 87 12<\/p>\t\t<\/div>\n\t\t\t\t<\/div>\n\t\t\t\t\t\t<\/div>\n\t\t\t<\/div>\n\t\t<\/div>\n\t\t\t\t<div class=\"elementor-element elementor-element-b713db7 elementor-column elementor-col-20 elementor-inner-column\" data-id=\"b713db7\" data-element_type=\"column\">\n\t\t\t<div class=\"elementor-column-wrap  elementor-element-populated\">\n\t\t\t\t\t<div class=\"elementor-widget-wrap\">\n\t\t\t\t<div class=\"elementor-element elementor-element-de9f4ad naturally-transform transform-type-translate elementor-widget elementor-widget-heading\" data-id=\"de9f4ad\" data-element_type=\"widget\" data-widget_type=\"heading.default\">\n\t\t\t\t<div class=\"elementor-widget-container\">\n\t\t\t<h3 class=\"elementor-heading-title elementor-size-default\">E-mail<\/h3>\t\t<\/div>\n\t\t\t\t<\/div>\n\t\t\t\t<div class=\"elementor-element elementor-element-d1bf557 naturally-transform transform-type-translate elementor-widget elementor-widget-heading\" data-id=\"d1bf557\" data-element_type=\"widget\" data-widget_type=\"heading.default\">\n\t\t\t\t<div class=\"elementor-widget-container\">\n\t\t\t<p class=\"elementor-heading-title elementor-size-default\"><a href=\"mailto:info@balkayisi.com\">info@balkayisi.com<\/a><br><\/p>\t\t<\/div>\n\t\t\t\t<\/div>\n\t\t\t\t\t\t<\/div>\n\t\t\t<\/div>\n\t\t<\/div>\n\t\t\t\t<div class=\"elementor-element elementor-element-1dd1122 elementor-column elementor-col-20 elementor-inner-column\" data-id=\"1dd1122\" data-element_type=\"column\">\n\t\t\t<div class=\"elementor-column-wrap  elementor-element-populated\">\n\t\t\t\t\t<div class=\"elementor-widget-wrap\">\n\t\t\t\t<div class=\"elementor-element elementor-element-e57ca05 naturally-transform transform-type-translate elementor-widget elementor-widget-heading\" data-id=\"e57ca05\" data-element_type=\"widget\" data-widget_type=\"heading.default\">\n\t\t\t\t<div class=\"elementor-widget-container\">\n\t\t\t<h3 class=\"elementor-heading-title elementor-size-default\">Working hours<\/h3>\t\t<\/div>\n\t\t\t\t<\/div>\n\t\t\t\t<div class=\"elementor-element elementor-element-779c571 naturally-transform transform-type-translate elementor-widget elementor-widget-heading\" data-id=\"779c571\" data-element_type=\"widget\" data-widget_type=\"heading.default\">\n\t\t\t\t<div class=\"elementor-widget-container\">\n\t\t\t<p class=\"elementor-heading-title elementor-size-default\">Monday 08:00 AM<br>\nSaturday 13:00 PM<\/p>\t\t<\/div>\n\t\t\t\t<\/div>\n\t\t\t\t\t\t<\/div>\n\t\t\t<\/div>\n\t\t<\/div>\n\t\t\t\t\t\t<\/div>\n\t\t\t<\/div>\n\t\t<\/div>\n\t\t\t\t<div class=\"elementor-element elementor-element-d4d3248 elementor-section-boxed elementor-section-height-default elementor-section-height-default elementor-section elementor-inner-section\" data-id=\"d4d3248\" data-element_type=\"section\">\n\t\t\t\t\t\t<div class=\"elementor-container elementor-column-gap-no\">\n\t\t\t\t<div class=\"elementor-row\">\n\t\t\t\t<div class=\"elementor-element elementor-element-2a22c51 elementor-column elementor-col-100 elementor-inner-column\" data-id=\"2a22c51\" data-element_type=\"column\">\n\t\t\t<div class=\"elementor-column-wrap  elementor-element-populated\">\n\t\t\t\t\t<div class=\"elementor-widget-wrap\">\n\t\t\t\t<div class=\"elementor-element elementor-element-993780c naturally-transform transform-type-translate elementor-widget elementor-widget-heading\" data-id=\"993780c\" data-element_type=\"widget\" data-widget_type=\"heading.default\">\n\t\t\t\t<div class=\"elementor-widget-container\">\n\t\t\t<h3 class=\"elementor-heading-title elementor-size-default\">Follow Us<\/h3>\t\t<\/div>\n\t\t\t\t<\/div>\n\t\t\t\t<div class=\"elementor-element elementor-element-41efa5e elementor-widget elementor-widget-naturally-social-icons\" data-id=\"41efa5e\" data-element_type=\"widget\" data-widget_type=\"naturally-social-icons.default\">\n\t\t\t\t<div class=\"elementor-widget-container\">\n\t\t\t<div class=\"social-icons naturally-icons\"><a class=\"social-icons_link\" href=\"#\" target=\"_blank\"><span class=\"icon is-facebook\"><\/span><\/a><a class=\"social-icons_link\" href=\"#\" target=\"_blank\"><span class=\"icon is-twitter\"><\/span><\/a><a class=\"social-icons_link\" href=\"#\" target=\"_blank\"><span class=\"icon is-instagram\"><\/span><\/a><a class=\"social-icons_link\" href=\"#\" target=\"_blank\"><span class=\"icon is-youtube\"><\/span><\/a><\/div>\t\t<\/div>\n\t\t\t\t<\/div>\n\t\t\t\t\t\t<\/div>\n\t\t\t<\/div>\n\t\t<\/div>\n\t\t\t\t\t\t<\/div>\n\t\t\t<\/div>\n\t\t<\/div>\n\t\t\t\t\t\t<\/div>\n\t\t\t<\/div>\n\t\t<\/div>\n\t\t\t\t<div class=\"elementor-element elementor-element-8d4de5c elementor-column elementor-col-50 elementor-top-column\" data-id=\"8d4de5c\" data-element_type=\"column\">\n\t\t\t<div class=\"elementor-column-wrap  elementor-element-populated\">\n\t\t\t\t\t<div class=\"elementor-widget-wrap\">\n\t\t\t\t<div class=\"elementor-element elementor-element-568b453 naturally-transform transform-type-translate elementor-widget elementor-widget-heading\" data-id=\"568b453\" data-element_type=\"widget\" data-widget_type=\"heading.default\">\n\t\t\t\t<div class=\"elementor-widget-container\">\n\t\t\t<h3 class=\"elementor-heading-title elementor-size-default\">Contact Form<\/h3>\t\t<\/div>\n\t\t\t\t<\/div>\n\t\t\t\t<div class=\"elementor-element elementor-element-da28316 elementor-widget elementor-widget-naturally-contact-form-7\" data-id=\"da28316\" data-element_type=\"widget\" data-widget_type=\"naturally-contact-form-7.default\">\n\t\t\t\t<div class=\"elementor-widget-container\">\n\t\t\t<div class=\"section-contact\"><div role=\"form\" class=\"wpcf7\" id=\"wpcf7-f1472-o1\" lang=\"en-US\" dir=\"ltr\">\n<div class=\"screen-reader-response\"><p role=\"status\" aria-live=\"polite\" aria-atomic=\"true\"><\/p> <ul><\/ul><\/div>\n<form action=\"\/en\/wp-json\/wp\/v2\/pages\/3806#wpcf7-f1472-o1\" method=\"post\" class=\"wpcf7-form init\" novalidate=\"novalidate\" data-status=\"init\">\n<div style=\"display: none;\">\n<input type=\"hidden\" name=\"_wpcf7\" value=\"1472\" \/>\n<input type=\"hidden\" name=\"_wpcf7_version\" value=\"5.5.6\" \/>\n<input type=\"hidden\" name=\"_wpcf7_locale\" value=\"en_US\" \/>\n<input type=\"hidden\" name=\"_wpcf7_unit_tag\" value=\"wpcf7-f1472-o1\" \/>\n<input type=\"hidden\" name=\"_wpcf7_container_post\" value=\"0\" \/>\n<input type=\"hidden\" name=\"_wpcf7_posted_data_hash\" value=\"\" \/>\n<\/div>\n<div class=\"grid\">\n<div class=\"grid_row is-30\">\n<div class=\"grid_col is-12\">\n<label class=\"form_label\">Name Surname <span class=\"form_label_require\">*<\/span><\/label><span class=\"wpcf7-form-control-wrap text-785\"><input type=\"text\" name=\"text-785\" value=\"\" size=\"40\" class=\"wpcf7-form-control wpcf7-text wpcf7-validates-as-required form_control_input\" aria-required=\"true\" aria-invalid=\"false\" placeholder=\"Enter your name ...\" \/><\/span>\n<\/div>\n<div class=\"grid_col is-12\">\n<label class=\"form_label\">Email Address <span class=\"form_label_require\">*<\/span><\/label><span class=\"wpcf7-form-control-wrap email-649\"><input type=\"email\" name=\"email-649\" value=\"\" size=\"40\" class=\"wpcf7-form-control wpcf7-text wpcf7-email wpcf7-validates-as-required wpcf7-validates-as-email form_control_input\" aria-required=\"true\" aria-invalid=\"false\" placeholder=\"Enter your email ...\" \/><\/span>\n<\/div>\n<div class=\"grid_col is-12\">\n<label class=\"form_label\">Message <span class=\"form_label_require\">*<\/span><\/label><span class=\"wpcf7-form-control-wrap textarea-234\"><textarea name=\"textarea-234\" cols=\"40\" rows=\"10\" class=\"wpcf7-form-control wpcf7-textarea form_control_textarea\" aria-invalid=\"false\" placeholder=\"Enter your message ...\"><\/textarea><\/span>\n<\/div>\n<div class=\"grid_col is-12\">\n<button class=\"button is-block is-grey wpcf7-form-control wpcf7-submit\" type=\"submit\"><br \/>\n<span class=\"button_text\">Send Form<\/span><br \/>\n<\/button>\n<\/div>\n<\/div>\n<\/div>\n<div class=\"wpcf7-response-output\" aria-hidden=\"true\"><\/div><\/form><\/div><\/div>\t\t<\/div>\n\t\t\t\t<\/div>\n\t\t\t\t\t\t<\/div>\n\t\t\t<\/div>\n\t\t<\/div>\n\t\t\t\t\t\t<\/div>\n\t\t\t<\/div>\n\t\t<\/div>\n\t\t\t\t\t\t<\/div>\n\t\t\t<\/div>\n\t\t<\/div>\n\t\t","protected":false},"excerpt":{"rendered":"<p>+90 422 322 00 08 +90 533 689 87 12 info@balkayisi.com Close Home About Us Our Mission Products Contact English English Rusian Turkish Taste Health Quality Contact us Contact Information Office Address B\u00fcy\u00fck \u015eire Pazar\u0131 Hudeybiye Sk. No: 6 Batallgazi, Malatya, Turkey Factory Address Bah\u00e7eba\u015f\u0131 Mah. \u015eekerci Sk. No. 11 Ye\u015filyurt, Malatya, Turkey Phone +90&#8230;<\/p>\n","protected":false},"author":1,"featured_media":0,"parent":0,"menu_order":0,"comment_status":"closed","ping_status":"closed","template":"naturally-elementor-page.php","meta":[],"acf":[],"_links":{"self":[{"href":"https:\/\/balkayisi.com\/en\/wp-json\/wp\/v2\/pages\/3806"}],"collection":[{"href":"https:\/\/balkayisi.com\/en\/wp-json\/wp\/v2\/pages"}],"about":[{"href":"https:\/\/balkayisi.com\/en\/wp-json\/wp\/v2\/types\/page"}],"author":[{"embeddable":true,"href":"https:\/\/balkayisi.com\/en\/wp-json\/wp\/v2\/users\/1"}],"replies":[{"embeddable":true,"href":"https:\/\/balkayisi.com\/en\/wp-json\/wp\/v2\/comments?post=3806"}],"version-history":[{"count":0,"href":"https:\/\/balkayisi.com\/en\/wp-json\/wp\/v2\/pages\/3806\/revisions"}],"wp:attachment":[{"href":"https:\/\/balkayisi.com\/en\/wp-json\/wp\/v2\/media?parent=3806"}],"curies":[{"name":"wp","href":"https:\/\/api.w.org\/{rel}","templated":true}]}}